{"id":850,"date":"2021-09-01T15:00:44","date_gmt":"2021-09-01T18:00:44","guid":{"rendered":"https:\/\/institutomattosfilho.org\/associados-e-equipes\/"},"modified":"2026-02-19T18:29:04","modified_gmt":"2026-02-19T21:29:04","slug":"associados-e-equipe","status":"publish","type":"page","link":"https:\/\/institutomattosfilho.org\/en\/associados-e-equipe\/","title":{"rendered":"Our Team and Associates"},"content":{"rendered":"","protected":false},"excerpt":{"rendered":"","protected":false},"author":1,"featured_media":0,"parent":0,"menu_order":0,"comment_status":"closed","ping_status":"closed","template":"page-associados.php","meta":{"_acf_changed":false,"inline_featured_image":false,"footnotes":""},"class_list":["post-850","page","type-page","status-publish","hentry"],"acf":[],"yoast_head":"<!-- This site is optimized with the Yoast SEO plugin v27.4 - https:\/\/yoast.com\/product\/yoast-seo-wordpress\/ -->\n<title>Our Team and Associates &#8211; Instituto Mattos Filho<\/title>\n<meta name=\"description\" content=\"Conhe\u00e7a os membros da dire\u00e7\u00e3o, do conselho e os associados do Instituto Mattos Filho.\" \/>\n<meta name=\"robots\" content=\"index, follow, max-snippet:-1, max-image-preview:large, max-video-preview:-1\" \/>\n<link rel=\"canonical\" href=\"https:\/\/institutomattosfilho.org\/en\/associados-e-equipe\/\" \/>\n<meta property=\"og:locale\" content=\"en_US\" \/>\n<meta property=\"og:type\" content=\"article\" \/>\n<meta property=\"og:title\" content=\"Our Team and Associates &#8211; Instituto Mattos Filho\" \/>\n<meta property=\"og:description\" content=\"Conhe\u00e7a os membros da dire\u00e7\u00e3o, do conselho e os associados do Instituto Mattos Filho.\" \/>\n<meta property=\"og:url\" content=\"https:\/\/institutomattosfilho.org\/en\/associados-e-equipe\/\" \/>\n<meta property=\"og:site_name\" content=\"Instituto Mattos Filho\" \/>\n<meta property=\"article:publisher\" content=\"https:\/\/web.facebook.com\/InstitutoMattosFilho\/?_rdc=1&amp;amp%3bamp%3bamp%3bamp%3bamp%3bamp%3bamp%3bamp%3bamp%3b_rdr\" \/>\n<meta property=\"article:modified_time\" content=\"2026-02-19T21:29:04+00:00\" \/>\n<meta name=\"twitter:card\" content=\"summary_large_image\" \/>\n<meta name=\"twitter:site\" content=\"@instmattosfilho\" \/>\n<script type=\"application\/ld+json\" class=\"yoast-schema-graph\">{\"@context\":\"https:\\\/\\\/schema.org\",\"@graph\":[{\"@type\":\"WebPage\",\"@id\":\"https:\\\/\\\/institutomattosfilho.org\\\/en\\\/associados-e-equipe\\\/\",\"url\":\"https:\\\/\\\/institutomattosfilho.org\\\/en\\\/associados-e-equipe\\\/\",\"name\":\"Our Team and Associates &#8211; Instituto Mattos Filho\",\"isPartOf\":{\"@id\":\"https:\\\/\\\/institutomattosfilho.org\\\/en\\\/#website\"},\"datePublished\":\"2021-09-01T18:00:44+00:00\",\"dateModified\":\"2026-02-19T21:29:04+00:00\",\"description\":\"Conhe\u00e7a os membros da dire\u00e7\u00e3o, do conselho e os associados do Instituto Mattos Filho.\",\"breadcrumb\":{\"@id\":\"https:\\\/\\\/institutomattosfilho.org\\\/en\\\/associados-e-equipe\\\/#breadcrumb\"},\"inLanguage\":\"en-US\",\"potentialAction\":[{\"@type\":\"ReadAction\",\"target\":[\"https:\\\/\\\/institutomattosfilho.org\\\/en\\\/associados-e-equipe\\\/\"]}]},{\"@type\":\"BreadcrumbList\",\"@id\":\"https:\\\/\\\/institutomattosfilho.org\\\/en\\\/associados-e-equipe\\\/#breadcrumb\",\"itemListElement\":[{\"@type\":\"ListItem\",\"position\":1,\"name\":\"In\u00edcio\",\"item\":\"https:\\\/\\\/institutomattosfilho.org\\\/en\\\/\"},{\"@type\":\"ListItem\",\"position\":2,\"name\":\"Our Team and Associates\"}]},{\"@type\":\"WebSite\",\"@id\":\"https:\\\/\\\/institutomattosfilho.org\\\/en\\\/#website\",\"url\":\"https:\\\/\\\/institutomattosfilho.org\\\/en\\\/\",\"name\":\"Instituto Mattos Filho\",\"description\":\"\",\"publisher\":{\"@id\":\"https:\\\/\\\/institutomattosfilho.org\\\/en\\\/#organization\"},\"potentialAction\":[{\"@type\":\"SearchAction\",\"target\":{\"@type\":\"EntryPoint\",\"urlTemplate\":\"https:\\\/\\\/institutomattosfilho.org\\\/en\\\/?s={search_term_string}\"},\"query-input\":{\"@type\":\"PropertyValueSpecification\",\"valueRequired\":true,\"valueName\":\"search_term_string\"}}],\"inLanguage\":\"en-US\"},{\"@type\":\"Organization\",\"@id\":\"https:\\\/\\\/institutomattosfilho.org\\\/en\\\/#organization\",\"name\":\"Instituto Mattos Filho\",\"url\":\"https:\\\/\\\/institutomattosfilho.org\\\/en\\\/\",\"logo\":{\"@type\":\"ImageObject\",\"inLanguage\":\"en-US\",\"@id\":\"https:\\\/\\\/institutomattosfilho.org\\\/en\\\/#\\\/schema\\\/logo\\\/image\\\/\",\"url\":\"https:\\\/\\\/secureservercdn.net\\\/50.62.195.83\\\/3nh.f21.myftpupload.com\\\/wp-content\\\/uploads\\\/2021\\\/04\\\/Instituto-Mattos-Filho.svg?time=1623720277\",\"contentUrl\":\"https:\\\/\\\/secureservercdn.net\\\/50.62.195.83\\\/3nh.f21.myftpupload.com\\\/wp-content\\\/uploads\\\/2021\\\/04\\\/Instituto-Mattos-Filho.svg?time=1623720277\",\"width\":398,\"height\":118,\"caption\":\"Instituto Mattos Filho\"},\"image\":{\"@id\":\"https:\\\/\\\/institutomattosfilho.org\\\/en\\\/#\\\/schema\\\/logo\\\/image\\\/\"},\"sameAs\":[\"https:\\\/\\\/web.facebook.com\\\/InstitutoMattosFilho\\\/?_rdc=1&amp;amp;amp;amp;amp;amp;amp;amp;amp;_rdr\",\"https:\\\/\\\/x.com\\\/instmattosfilho\",\"https:\\\/\\\/www.instagram.com\\\/institutomattosfilho\\\/\",\"https:\\\/\\\/www.linkedin.com\\\/company\\\/instituto-mattos-filho-veiga-filho-marrey-jr-e-quiroga\\\/\",\"https:\\\/\\\/www.youtube.com\\\/channel\\\/UC_xtwNuDfoDGc7kxxhFtbUg\"]}]}<\/script>\n<!-- \/ Yoast SEO plugin. -->","yoast_head_json":{"title":"Our Team and Associates &#8211; Instituto Mattos Filho","description":"Conhe\u00e7a os membros da dire\u00e7\u00e3o, do conselho e os associados do Instituto Mattos Filho.","robots":{"index":"index","follow":"follow","max-snippet":"max-snippet:-1","max-image-preview":"max-image-preview:large","max-video-preview":"max-video-preview:-1"},"canonical":"https:\/\/institutomattosfilho.org\/en\/associados-e-equipe\/","og_locale":"en_US","og_type":"article","og_title":"Our Team and Associates &#8211; Instituto Mattos Filho","og_description":"Conhe\u00e7a os membros da dire\u00e7\u00e3o, do conselho e os associados do Instituto Mattos Filho.","og_url":"https:\/\/institutomattosfilho.org\/en\/associados-e-equipe\/","og_site_name":"Instituto Mattos Filho","article_publisher":"https:\/\/web.facebook.com\/InstitutoMattosFilho\/?_rdc=1&amp%3bamp%3bamp%3bamp%3bamp%3bamp%3bamp%3bamp%3bamp%3b_rdr","article_modified_time":"2026-02-19T21:29:04+00:00","twitter_card":"summary_large_image","twitter_site":"@instmattosfilho","schema":{"@context":"https:\/\/schema.org","@graph":[{"@type":"WebPage","@id":"https:\/\/institutomattosfilho.org\/en\/associados-e-equipe\/","url":"https:\/\/institutomattosfilho.org\/en\/associados-e-equipe\/","name":"Our Team and Associates &#8211; Instituto Mattos Filho","isPartOf":{"@id":"https:\/\/institutomattosfilho.org\/en\/#website"},"datePublished":"2021-09-01T18:00:44+00:00","dateModified":"2026-02-19T21:29:04+00:00","description":"Conhe\u00e7a os membros da dire\u00e7\u00e3o, do conselho e os associados do Instituto Mattos Filho.","breadcrumb":{"@id":"https:\/\/institutomattosfilho.org\/en\/associados-e-equipe\/#breadcrumb"},"inLanguage":"en-US","potentialAction":[{"@type":"ReadAction","target":["https:\/\/institutomattosfilho.org\/en\/associados-e-equipe\/"]}]},{"@type":"BreadcrumbList","@id":"https:\/\/institutomattosfilho.org\/en\/associados-e-equipe\/#breadcrumb","itemListElement":[{"@type":"ListItem","position":1,"name":"In\u00edcio","item":"https:\/\/institutomattosfilho.org\/en\/"},{"@type":"ListItem","position":2,"name":"Our Team and Associates"}]},{"@type":"WebSite","@id":"https:\/\/institutomattosfilho.org\/en\/#website","url":"https:\/\/institutomattosfilho.org\/en\/","name":"Instituto Mattos Filho","description":"","publisher":{"@id":"https:\/\/institutomattosfilho.org\/en\/#organization"},"potentialAction":[{"@type":"SearchAction","target":{"@type":"EntryPoint","urlTemplate":"https:\/\/institutomattosfilho.org\/en\/?s={search_term_string}"},"query-input":{"@type":"PropertyValueSpecification","valueRequired":true,"valueName":"search_term_string"}}],"inLanguage":"en-US"},{"@type":"Organization","@id":"https:\/\/institutomattosfilho.org\/en\/#organization","name":"Instituto Mattos Filho","url":"https:\/\/institutomattosfilho.org\/en\/","logo":{"@type":"ImageObject","inLanguage":"en-US","@id":"https:\/\/institutomattosfilho.org\/en\/#\/schema\/logo\/image\/","url":"https:\/\/secureservercdn.net\/50.62.195.83\/3nh.f21.myftpupload.com\/wp-content\/uploads\/2021\/04\/Instituto-Mattos-Filho.svg?time=1623720277","contentUrl":"https:\/\/secureservercdn.net\/50.62.195.83\/3nh.f21.myftpupload.com\/wp-content\/uploads\/2021\/04\/Instituto-Mattos-Filho.svg?time=1623720277","width":398,"height":118,"caption":"Instituto Mattos Filho"},"image":{"@id":"https:\/\/institutomattosfilho.org\/en\/#\/schema\/logo\/image\/"},"sameAs":["https:\/\/web.facebook.com\/InstitutoMattosFilho\/?_rdc=1&amp;amp;amp;amp;amp;amp;amp;amp;amp;_rdr","https:\/\/x.com\/instmattosfilho","https:\/\/www.instagram.com\/institutomattosfilho\/","https:\/\/www.linkedin.com\/company\/instituto-mattos-filho-veiga-filho-marrey-jr-e-quiroga\/","https:\/\/www.youtube.com\/channel\/UC_xtwNuDfoDGc7kxxhFtbUg"]}]}},"_links":{"self":[{"href":"https:\/\/institutomattosfilho.org\/en\/wp-json\/wp\/v2\/pages\/850","targetHints":{"allow":["GET"]}}],"collection":[{"href":"https:\/\/institutomattosfilho.org\/en\/wp-json\/wp\/v2\/pages"}],"about":[{"href":"https:\/\/institutomattosfilho.org\/en\/wp-json\/wp\/v2\/types\/page"}],"author":[{"embeddable":true,"href":"https:\/\/institutomattosfilho.org\/en\/wp-json\/wp\/v2\/users\/1"}],"replies":[{"embeddable":true,"href":"https:\/\/institutomattosfilho.org\/en\/wp-json\/wp\/v2\/comments?post=850"}],"version-history":[{"count":0,"href":"https:\/\/institutomattosfilho.org\/en\/wp-json\/wp\/v2\/pages\/850\/revisions"}],"wp:attachment":[{"href":"https:\/\/institutomattosfilho.org\/en\/wp-json\/wp\/v2\/media?parent=850"}],"curies":[{"name":"wp","href":"https:\/\/api.w.org\/{rel}","templated":true}]}}